{"id":35,"date":"2024-03-16T19:36:32","date_gmt":"2024-03-16T22:36:32","guid":{"rendered":"https:\/\/yesmarketingesolucoes.com.br\/?page_id=35"},"modified":"2024-03-19T19:50:08","modified_gmt":"2024-03-19T22:50:08","slug":"identidade-visual","status":"publish","type":"page","link":"https:\/\/yesmarketingesolucoes.com.br\/index.php\/identidade-visual\/","title":{"rendered":"Identidade Visual"},"content":{"rendered":"\t\t<div data-elementor-type=\"wp-page\" data-elementor-id=\"35\" class=\"elementor elementor-35\" data-elementor-post-type=\"page\">\n\t\t\t\t\t\t<section class=\"elementor-section elementor-top-section elementor-element elementor-element-b2e932c elementor-section-height-min-height elementor-section-boxed elementor-section-height-default elementor-section-items-middle\" data-id=\"b2e932c\" data-element_type=\"section\" data-settings=\"{&quot;background_background&quot;:&quot;classic&quot;}\">\n\t\t\t\t\t\t\t<div class=\"elementor-background-overlay\"><\/div>\n\t\t\t\t\t\t\t<div class=\"elementor-container elementor-column-gap-default\">\n\t\t\t\t\t<div class=\"elementor-column elementor-col-100 elementor-top-column elementor-element elementor-element-33cd8c5e\" data-id=\"33cd8c5e\" data-element_type=\"column\">\n\t\t\t<div class=\"elementor-widget-wrap elementor-element-populated\">\n\t\t\t\t\t\t<div class=\"elementor-element elementor-element-5bd73232 elementor-widget elementor-widget-heading\" data-id=\"5bd73232\" data-element_type=\"widget\" data-widget_type=\"heading.default\">\n\t\t\t\t<div class=\"elementor-widget-container\">\n\t\t\t<style>\/*! elementor - v3.20.0 - 13-03-2024 *\/\n.elementor-heading-title{padding:0;margin:0;line-height:1}.elementor-widget-heading .elementor-heading-title[class*=elementor-size-]>a{color:inherit;font-size:inherit;line-height:inherit}.elementor-widget-heading .elementor-heading-title.elementor-size-small{font-size:15px}.elementor-widget-heading .elementor-heading-title.elementor-size-medium{font-size:19px}.elementor-widget-heading .elementor-heading-title.elementor-size-large{font-size:29px}.elementor-widget-heading .elementor-heading-title.elementor-size-xl{font-size:39px}.elementor-widget-heading .elementor-heading-title.elementor-size-xxl{font-size:59px}<\/style><h2 class=\"elementor-heading-title elementor-size-default\">IDENTIDADE VISUAL<\/h2>\t\t<\/div>\n\t\t\t\t<\/div>\n\t\t\t\t\t<\/div>\n\t\t<\/div>\n\t\t\t\t\t<\/div>\n\t\t<\/section>\n\t\t\t\t<section class=\"elementor-section elementor-top-section elementor-element elementor-element-6ca39f03 elementor-reverse-tablet elementor-reverse-mobile elementor-section-boxed elementor-section-height-default elementor-section-height-default\" data-id=\"6ca39f03\" data-element_type=\"section\">\n\t\t\t\t\t\t<div class=\"elementor-container elementor-column-gap-default\">\n\t\t\t\t\t<div class=\"elementor-column elementor-col-100 elementor-top-column elementor-element elementor-element-34b23de\" data-id=\"34b23de\" data-element_type=\"column\">\n\t\t\t<div class=\"elementor-widget-wrap elementor-element-populated\">\n\t\t\t\t\t\t<div class=\"elementor-element elementor-element-7b8794e1 elementor-widget elementor-widget-heading\" data-id=\"7b8794e1\" data-element_type=\"widget\" data-widget_type=\"heading.default\">\n\t\t\t\t<div class=\"elementor-widget-container\">\n\t\t\t<h2 class=\"elementor-heading-title elementor-size-default\">IDENTIDADE VISUAL<\/h2>\t\t<\/div>\n\t\t\t\t<\/div>\n\t\t\t\t<div class=\"elementor-element elementor-element-c0efff elementor-widget elementor-widget-heading\" data-id=\"c0efff\" data-element_type=\"widget\" data-widget_type=\"heading.default\">\n\t\t\t\t<div class=\"elementor-widget-container\">\n\t\t\t<h2 class=\"elementor-heading-title elementor-size-default\">E BRANDING DE MARCA<\/h2>\t\t<\/div>\n\t\t\t\t<\/div>\n\t\t\t\t<div class=\"elementor-element elementor-element-19197377 elementor-widget elementor-widget-text-editor\" data-id=\"19197377\" data-element_type=\"widget\" data-widget_type=\"text-editor.default\">\n\t\t\t\t<div class=\"elementor-widget-container\">\n\t\t\t<style>\/*! elementor - v3.20.0 - 13-03-2024 *\/\n.elementor-widget-text-editor.elementor-drop-cap-view-stacked .elementor-drop-cap{background-color:#69727d;color:#fff}.elementor-widget-text-editor.elementor-drop-cap-view-framed .elementor-drop-cap{color:#69727d;border:3px solid;background-color:transparent}.elementor-widget-text-editor:not(.elementor-drop-cap-view-default) .elementor-drop-cap{margin-top:8px}.elementor-widget-text-editor:not(.elementor-drop-cap-view-default) .elementor-drop-cap-letter{width:1em;height:1em}.elementor-widget-text-editor .elementor-drop-cap{float:left;text-align:center;line-height:1;font-size:50px}.elementor-widget-text-editor .elementor-drop-cap-letter{display:inline-block}<\/style>\t\t\t\t<div class=\"flex-1 overflow-hidden\"><div class=\"react-scroll-to-bottom--css-uolzc-79elbk h-full\"><div class=\"react-scroll-to-bottom--css-uolzc-1n7m0yu\"><div class=\"flex flex-col text-sm pb-9\"><div class=\"w-full text-token-text-primary\" data-testid=\"conversation-turn-33\"><div class=\"px-4 py-2 justify-center text-base md:gap-6 m-auto\"><div class=\"flex flex-1 text-base mx-auto gap-3 md:px-5 lg:px-1 xl:px-5 md:max-w-3xl lg:max-w-[40rem] xl:max-w-[48rem] group final-completion\"><div class=\"relative flex w-full flex-col agent-turn\"><div class=\"flex-col gap-1 md:gap-3\"><div class=\"flex flex-grow flex-col max-w-full\"><div class=\"min-h-[20px] text-message flex flex-col items-start gap-3 whitespace-pre-wrap break-words [.text-message+&amp;]:mt-5 overflow-x-auto\" data-message-author-role=\"assistant\" data-message-id=\"e2fb3228-1628-4813-877e-f7f77f89cf31\"><div class=\"markdown prose w-full break-words dark:prose-invert light\"><p>Na YES, entendemos a import\u00e2ncia de uma identidade visual forte e uma estrat\u00e9gia de branding eficaz para o sucesso de sua marca no mercado competitivo de hoje. Nosso processo passo a passo \u00e9 projetado para ajudar sua empresa a se destacar, atrair clientes e construir uma marca memor\u00e1vel e duradoura.<\/p><p><strong>Passo a Passo para Estabelecer uma Marca no Mercado:<\/strong><\/p><ol><li><p><strong>An\u00e1lise de Mercado e P\u00fablico-Alvo:<\/strong> Come\u00e7amos por entender o seu mercado e p\u00fablico-alvo, identificando as necessidades, desejos e comportamentos do seu p\u00fablico para criar uma estrat\u00e9gia de branding personalizada.<\/p><\/li><li><p><strong>Desenvolvimento de Identidade Visual:<\/strong> Em seguida, trabalhamos no desenvolvimento de uma identidade visual \u00fanica que represente a ess\u00eancia e os valores de sua marca, incluindo design de logotipo, paleta de cores, tipografia e elementos gr\u00e1ficos.<\/p><\/li><li><p><strong>Cria\u00e7\u00e3o de Conte\u00fado Estrat\u00e9gico:<\/strong> Produzimos conte\u00fado estrat\u00e9gico que ressoa com seu p\u00fablico-alvo, transmitindo a mensagem certa e fortalecendo sua posi\u00e7\u00e3o no mercado.<\/p><\/li><li><p><strong>Implementa\u00e7\u00e3o da Estrat\u00e9gia de Branding:<\/strong> Implementamos sua estrat\u00e9gia de branding em todos os pontos de contato da marca, desde o site e m\u00eddias sociais at\u00e9 materiais de marketing e embalagens de produtos.<\/p><\/li><\/ol><p><strong>Principais Servi\u00e7os Inclu\u00eddos:<\/strong><\/p><ul><li>Design de Logotipo<\/li><li>Desenvolvimento de Identidade Visual<\/li><li>Cria\u00e7\u00e3o de Conte\u00fado Estrat\u00e9gico<\/li><li>Estrat\u00e9gia de Branding<\/li><li>Implementa\u00e7\u00e3o e Gest\u00e3o de Marca<\/li><\/ul><p><strong>Pronto para destacar sua marca no mercado? Trabalhe com a YES e deixe-nos ajud\u00e1-lo a construir uma marca que se destaque da concorr\u00eancia e conquiste cora\u00e7\u00f5es e mentes de clientes em potencial. Entre em contato conosco hoje mesmo para dar o pr\u00f3ximo passo rumo ao sucesso!<\/strong><\/p><\/div><\/div><\/div><\/div><\/div><\/div><\/div><\/div><\/div><\/div><\/div><\/div><div class=\"w-full pt-2 md:pt-0 dark:border-white\/20 md:border-transparent md:dark:border-transparent md:w-[calc(100%-.5rem)]\"><form class=\"stretch mx-2 flex flex-row gap-3 last:mb-2 md:mx-4 md:last:mb-6 lg:mx-auto lg:max-w-2xl xl:max-w-3xl\"><div class=\"relative flex h-full flex-1 flex-col\"><div class=\"absolute bottom-full left-0 right-0\">\u00a0<\/div><div class=\"flex w-full items-center\">\u00a0<\/div><\/div><\/form><\/div>\t\t\t\t\t\t<\/div>\n\t\t\t\t<\/div>\n\t\t\t\t<div class=\"elementor-element elementor-element-ca100f7 elementor-widget elementor-widget-button\" data-id=\"ca100f7\" data-element_type=\"widget\" data-widget_type=\"button.default\">\n\t\t\t\t<div class=\"elementor-widget-container\">\n\t\t\t\t\t<div class=\"elementor-button-wrapper\">\n\t\t\t<a class=\"elementor-button elementor-button-link elementor-size-sm\" href=\"#\">\n\t\t\t\t\t\t<span class=\"elementor-button-content-wrapper\">\n\t\t\t\t\t\t<span class=\"elementor-button-text\">FALE CONOSCO AGORA MESMO<\/span>\n\t\t<\/span>\n\t\t\t\t\t<\/a>\n\t\t<\/div>\n\t\t\t\t<\/div>\n\t\t\t\t<\/div>\n\t\t\t\t\t<\/div>\n\t\t<\/div>\n\t\t\t\t\t<\/div>\n\t\t<\/section>\n\t\t\t\t<\/div>\n\t\t","protected":false},"excerpt":{"rendered":"<p>IDENTIDADE VISUAL IDENTIDADE VISUAL E BRANDING DE MARCA Na YES, entendemos a import\u00e2ncia de uma identidade visual forte e uma estrat\u00e9gia de branding eficaz para o sucesso de sua marca no mercado competitivo de hoje. Nosso processo passo a passo \u00e9 projetado para ajudar sua empresa a se destacar, atrair clientes e construir uma marca [&hellip;]<\/p>\n","protected":false},"author":1,"featured_media":0,"parent":0,"menu_order":0,"comment_status":"closed","ping_status":"closed","template":"","meta":{"_monsterinsights_skip_tracking":false,"_monsterinsights_sitenote_active":false,"_monsterinsights_sitenote_note":"","_monsterinsights_sitenote_category":0,"footnotes":""},"aioseo_notices":[],"_links":{"self":[{"href":"https:\/\/yesmarketingesolucoes.com.br\/index.php\/wp-json\/wp\/v2\/pages\/35"}],"collection":[{"href":"https:\/\/yesmarketingesolucoes.com.br\/index.php\/wp-json\/wp\/v2\/pages"}],"about":[{"href":"https:\/\/yesmarketingesolucoes.com.br\/index.php\/wp-json\/wp\/v2\/types\/page"}],"author":[{"embeddable":true,"href":"https:\/\/yesmarketingesolucoes.com.br\/index.php\/wp-json\/wp\/v2\/users\/1"}],"replies":[{"embeddable":true,"href":"https:\/\/yesmarketingesolucoes.com.br\/index.php\/wp-json\/wp\/v2\/comments?post=35"}],"version-history":[{"count":16,"href":"https:\/\/yesmarketingesolucoes.com.br\/index.php\/wp-json\/wp\/v2\/pages\/35\/revisions"}],"predecessor-version":[{"id":386,"href":"https:\/\/yesmarketingesolucoes.com.br\/index.php\/wp-json\/wp\/v2\/pages\/35\/revisions\/386"}],"wp:attachment":[{"href":"https:\/\/yesmarketingesolucoes.com.br\/index.php\/wp-json\/wp\/v2\/media?parent=35"}],"curies":[{"name":"wp","href":"https:\/\/api.w.org\/{rel}","templated":true}]}}