{"id":43,"date":"2024-03-16T19:41:39","date_gmt":"2024-03-16T22:41:39","guid":{"rendered":"https:\/\/yesmarketingesolucoes.com.br\/?page_id=43"},"modified":"2024-03-19T16:01:30","modified_gmt":"2024-03-19T19:01:30","slug":"cobranca-terceirizada","status":"publish","type":"page","link":"https:\/\/yesmarketingesolucoes.com.br\/index.php\/cobranca-terceirizada\/","title":{"rendered":"Cobran\u00e7a Terceirizada"},"content":{"rendered":"\t\t<div data-elementor-type=\"wp-page\" data-elementor-id=\"43\" class=\"elementor elementor-43\" data-elementor-post-type=\"page\">\n\t\t\t\t\t\t<section class=\"elementor-section elementor-top-section elementor-element elementor-element-18e5fb9e elementor-section-height-min-height elementor-section-boxed elementor-section-height-default elementor-section-items-middle\" data-id=\"18e5fb9e\" data-element_type=\"section\" data-settings=\"{&quot;background_background&quot;:&quot;classic&quot;}\">\n\t\t\t\t\t\t\t<div class=\"elementor-background-overlay\"><\/div>\n\t\t\t\t\t\t\t<div class=\"elementor-container elementor-column-gap-default\">\n\t\t\t\t\t<div class=\"elementor-column elementor-col-100 elementor-top-column elementor-element elementor-element-4a7ca314\" data-id=\"4a7ca314\" data-element_type=\"column\">\n\t\t\t<div class=\"elementor-widget-wrap elementor-element-populated\">\n\t\t\t\t\t\t<div class=\"elementor-element elementor-element-5138914f elementor-widget elementor-widget-heading\" data-id=\"5138914f\" data-element_type=\"widget\" data-widget_type=\"heading.default\">\n\t\t\t\t<div class=\"elementor-widget-container\">\n\t\t\t<style>\/*! elementor - v3.20.0 - 13-03-2024 *\/\n.elementor-heading-title{padding:0;margin:0;line-height:1}.elementor-widget-heading .elementor-heading-title[class*=elementor-size-]>a{color:inherit;font-size:inherit;line-height:inherit}.elementor-widget-heading .elementor-heading-title.elementor-size-small{font-size:15px}.elementor-widget-heading .elementor-heading-title.elementor-size-medium{font-size:19px}.elementor-widget-heading .elementor-heading-title.elementor-size-large{font-size:29px}.elementor-widget-heading .elementor-heading-title.elementor-size-xl{font-size:39px}.elementor-widget-heading .elementor-heading-title.elementor-size-xxl{font-size:59px}<\/style><h2 class=\"elementor-heading-title elementor-size-default\">COBRAN\u00c7AS<\/h2>\t\t<\/div>\n\t\t\t\t<\/div>\n\t\t\t\t\t<\/div>\n\t\t<\/div>\n\t\t\t\t\t<\/div>\n\t\t<\/section>\n\t\t\t\t<section class=\"elementor-section elementor-top-section elementor-element elementor-element-6870b164 elementor-section-boxed elementor-section-height-default elementor-section-height-default\" data-id=\"6870b164\" data-element_type=\"section\">\n\t\t\t\t\t\t<div class=\"elementor-container elementor-column-gap-default\">\n\t\t\t\t\t<div class=\"elementor-column elementor-col-100 elementor-top-column elementor-element elementor-element-7276d0d2 animated-slow elementor-invisible\" data-id=\"7276d0d2\" data-element_type=\"column\" data-settings=\"{&quot;animation&quot;:&quot;fadeIn&quot;}\">\n\t\t\t<div class=\"elementor-widget-wrap elementor-element-populated\">\n\t\t\t\t\t\t<div class=\"elementor-element elementor-element-77422c90 elementor-widget elementor-widget-heading\" data-id=\"77422c90\" data-element_type=\"widget\" data-widget_type=\"heading.default\">\n\t\t\t\t<div class=\"elementor-widget-container\">\n\t\t\t<h2 class=\"elementor-heading-title elementor-size-default\">SETOR DE COBRAN\u00c7A<\/h2>\t\t<\/div>\n\t\t\t\t<\/div>\n\t\t\t\t<div class=\"elementor-element elementor-element-20ec5985 elementor-widget elementor-widget-heading\" data-id=\"20ec5985\" data-element_type=\"widget\" data-widget_type=\"heading.default\">\n\t\t\t\t<div class=\"elementor-widget-container\">\n\t\t\t<h2 class=\"elementor-heading-title elementor-size-default\">TERCEIRIZADO<\/h2>\t\t<\/div>\n\t\t\t\t<\/div>\n\t\t\t\t<div class=\"elementor-element elementor-element-3e02dab5 elementor-widget elementor-widget-text-editor\" data-id=\"3e02dab5\" data-element_type=\"widget\" data-widget_type=\"text-editor.default\">\n\t\t\t\t<div class=\"elementor-widget-container\">\n\t\t\t<style>\/*! elementor - v3.20.0 - 13-03-2024 *\/\n.elementor-widget-text-editor.elementor-drop-cap-view-stacked .elementor-drop-cap{background-color:#69727d;color:#fff}.elementor-widget-text-editor.elementor-drop-cap-view-framed .elementor-drop-cap{color:#69727d;border:3px solid;background-color:transparent}.elementor-widget-text-editor:not(.elementor-drop-cap-view-default) .elementor-drop-cap{margin-top:8px}.elementor-widget-text-editor:not(.elementor-drop-cap-view-default) .elementor-drop-cap-letter{width:1em;height:1em}.elementor-widget-text-editor .elementor-drop-cap{float:left;text-align:center;line-height:1;font-size:50px}.elementor-widget-text-editor .elementor-drop-cap-letter{display:inline-block}<\/style>\t\t\t\t<p>Na YES Solu\u00e7\u00f5es Comerciais, entendemos a import\u00e2ncia de manter suas finan\u00e7as sob controle e garantir que suas cobran\u00e7as sejam tratadas de maneira eficiente e profissional. \u00c9 por isso que oferecemos um servi\u00e7o de cobran\u00e7as terceirizado, para ajudar sua empresa a recuperar valores em aberto de forma estrat\u00e9gica e respons\u00e1vel.<\/p><p><strong>Por que ter um Setor de Cobran\u00e7as Terceirizado?<\/strong><\/p>\t\t\t\t\t\t<\/div>\n\t\t\t\t<\/div>\n\t\t\t\t<section class=\"elementor-section elementor-inner-section elementor-element elementor-element-5f4b55d5 elementor-section-boxed elementor-section-height-default elementor-section-height-default\" data-id=\"5f4b55d5\" data-element_type=\"section\">\n\t\t\t\t\t\t<div class=\"elementor-container elementor-column-gap-default\">\n\t\t\t\t\t<div class=\"elementor-column elementor-col-33 elementor-inner-column elementor-element elementor-element-271df4c4\" data-id=\"271df4c4\" data-element_type=\"column\">\n\t\t\t<div class=\"elementor-widget-wrap elementor-element-populated\">\n\t\t\t\t\t\t<div class=\"elementor-element elementor-element-5210f4f6 ekit-equal-height-disable elementor-widget elementor-widget-elementskit-icon-box\" data-id=\"5210f4f6\" data-element_type=\"widget\" data-widget_type=\"elementskit-icon-box.default\">\n\t\t\t\t<div class=\"elementor-widget-container\">\n\t\t\t<div class=\"ekit-wid-con\" >        <!-- link opening -->\n                <a href=\"#\" class=\"ekit_global_links\">\n                <!-- end link opening -->\n\n        <div class=\"elementskit-infobox text-left text-left icon-top-align elementor-animation-   \">\n                            <div class=\"elementskit-box-header\">\n                <div class=\"elementskit-info-box-icon \">\n                    <img fetchpriority=\"high\" decoding=\"async\" width=\"500\" height=\"500\" src=\"https:\/\/yesmarketingesolucoes.com.br\/wp-content\/uploads\/2024\/03\/yes-png-3.png\" class=\"attachment- size-\" alt=\"\" \/>                <\/div>\n          <\/div>\n                <div class=\"box-body\">\n                            <h4 class=\"elementskit-info-box-title\">\n                    Especializa\u00e7\u00e3o Profissional:                <\/h4>\n                        \t\t  <p>Ao terceirizar seu setor de cobran\u00e7as, voc\u00ea conta com profissionais especializados e experientes, que entendem as melhores pr\u00e1ticas para lidar com devedores e recuperar valores pendentes de maneira eficaz.<\/p>\n                                <\/div>\n        \n        \n                <\/div>\n                <\/a>\n        <\/div>\t\t<\/div>\n\t\t\t\t<\/div>\n\t\t\t\t\t<\/div>\n\t\t<\/div>\n\t\t\t\t<div class=\"elementor-column elementor-col-33 elementor-inner-column elementor-element elementor-element-64a1003b\" data-id=\"64a1003b\" data-element_type=\"column\">\n\t\t\t<div class=\"elementor-widget-wrap elementor-element-populated\">\n\t\t\t\t\t\t<div class=\"elementor-element elementor-element-687d5240 ekit-equal-height-disable elementor-widget elementor-widget-elementskit-icon-box\" data-id=\"687d5240\" data-element_type=\"widget\" data-widget_type=\"elementskit-icon-box.default\">\n\t\t\t\t<div class=\"elementor-widget-container\">\n\t\t\t<div class=\"ekit-wid-con\" >        <!-- link opening -->\n                <a href=\"#\" class=\"ekit_global_links\">\n                <!-- end link opening -->\n\n        <div class=\"elementskit-infobox text-left text-left icon-top-align elementor-animation-   \">\n                            <div class=\"elementskit-box-header\">\n                <div class=\"elementskit-info-box-icon \">\n                    <img decoding=\"async\" width=\"500\" height=\"500\" src=\"https:\/\/yesmarketingesolucoes.com.br\/wp-content\/uploads\/2024\/03\/yes-png-2.png\" class=\"attachment- size-\" alt=\"\" \/>                <\/div>\n          <\/div>\n                <div class=\"box-body\">\n                            <h4 class=\"elementskit-info-box-title\">\n                    Foco no Core Business:                 <\/h4>\n                        \t\t  <p>Ao delegar as cobran\u00e7as a uma empresa terceirizada como a YES, sua equipe interna pode se concentrar nas atividades principais do neg\u00f3cio, permitindo um maior foco no crescimento e desenvolvimento da empresa.<\/p>\n                                <\/div>\n        \n        \n                <\/div>\n                <\/a>\n        <\/div>\t\t<\/div>\n\t\t\t\t<\/div>\n\t\t\t\t\t<\/div>\n\t\t<\/div>\n\t\t\t\t<div class=\"elementor-column elementor-col-33 elementor-inner-column elementor-element elementor-element-4d23198\" data-id=\"4d23198\" data-element_type=\"column\">\n\t\t\t<div class=\"elementor-widget-wrap elementor-element-populated\">\n\t\t\t\t\t\t<div class=\"elementor-element elementor-element-55d750bf ekit-equal-height-disable elementor-widget elementor-widget-elementskit-icon-box\" data-id=\"55d750bf\" data-element_type=\"widget\" data-widget_type=\"elementskit-icon-box.default\">\n\t\t\t\t<div class=\"elementor-widget-container\">\n\t\t\t<div class=\"ekit-wid-con\" >        <!-- link opening -->\n                <a href=\"#\" class=\"ekit_global_links\">\n                <!-- end link opening -->\n\n        <div class=\"elementskit-infobox text-left text-left icon-top-align elementor-animation-   \">\n                            <div class=\"elementskit-box-header\">\n                <div class=\"elementskit-info-box-icon \">\n                    <img fetchpriority=\"high\" decoding=\"async\" width=\"500\" height=\"500\" src=\"https:\/\/yesmarketingesolucoes.com.br\/wp-content\/uploads\/2024\/03\/yes-png-3.png\" class=\"attachment- size-\" alt=\"\" \/>                <\/div>\n          <\/div>\n                <div class=\"box-body\">\n                            <h4 class=\"elementskit-info-box-title\">\n                    Redu\u00e7\u00e3o de Custos e Riscos:                <\/h4>\n                        \t\t  <p>A terceiriza\u00e7\u00e3o das cobran\u00e7as pode ajudar a reduzir os custos operacionais e os riscos associados \u00e0 gest\u00e3o interna desse processo, como encargos trabalhistas e treinamento de equipe.<\/p>\n                                <\/div>\n        \n        \n                <\/div>\n                <\/a>\n        <\/div>\t\t<\/div>\n\t\t\t\t<\/div>\n\t\t\t\t\t<\/div>\n\t\t<\/div>\n\t\t\t\t\t<\/div>\n\t\t<\/section>\n\t\t\t\t<section class=\"elementor-section elementor-inner-section elementor-element elementor-element-ac27e1f elementor-section-boxed elementor-section-height-default elementor-section-height-default\" data-id=\"ac27e1f\" data-element_type=\"section\">\n\t\t\t\t\t\t<div class=\"elementor-container elementor-column-gap-default\">\n\t\t\t\t\t<div class=\"elementor-column elementor-col-100 elementor-inner-column elementor-element elementor-element-16849726\" data-id=\"16849726\" data-element_type=\"column\">\n\t\t\t<div class=\"elementor-widget-wrap elementor-element-populated\">\n\t\t\t\t\t\t<div class=\"elementor-element elementor-element-52bc9d5b ekit-equal-height-disable elementor-widget elementor-widget-elementskit-icon-box\" data-id=\"52bc9d5b\" data-element_type=\"widget\" data-widget_type=\"elementskit-icon-box.default\">\n\t\t\t\t<div class=\"elementor-widget-container\">\n\t\t\t<div class=\"ekit-wid-con\" >        <!-- link opening -->\n                <a href=\"#\" class=\"ekit_global_links\">\n                <!-- end link opening -->\n\n        <div class=\"elementskit-infobox text-left text-left icon-top-align elementor-animation-   \">\n                            <div class=\"elementskit-box-header\">\n                <div class=\"elementskit-info-box-icon \">\n                    <img decoding=\"async\" width=\"500\" height=\"500\" src=\"https:\/\/yesmarketingesolucoes.com.br\/wp-content\/uploads\/2024\/03\/yes-png-2.png\" class=\"attachment- size-\" alt=\"\" \/>                <\/div>\n          <\/div>\n                <div class=\"box-body\">\n                            <h4 class=\"elementskit-info-box-title\">\n                    Transpar\u00eancia e Controle:                <\/h4>\n                        \t\t  <p>Todas as informa\u00e7\u00f5es e intera\u00e7\u00f5es com os clientes s\u00e3o registradas em um CRM (Customer Relationship Management) acess\u00edvel ao contratante em tempo real. Isso oferece total transpar\u00eancia e controle sobre o processo de cobran\u00e7a, permitindo que voc\u00ea acompanhe de perto o progresso e os resultados obtidos.\n\nNa YES, estamos comprometidos em fornecer solu\u00e7\u00f5es personalizadas e eficientes para as necessidades de cobran\u00e7a da sua empresa. Conte conosco para otimizar seu processo de cobran\u00e7as e recuperar valores pendentes de maneira profissional e \u00e9tica.<\/p>\n                                <\/div>\n        \n        \n                <\/div>\n                <\/a>\n        <\/div>\t\t<\/div>\n\t\t\t\t<\/div>\n\t\t\t\t\t<\/div>\n\t\t<\/div>\n\t\t\t\t\t<\/div>\n\t\t<\/section>\n\t\t\t\t\t<\/div>\n\t\t<\/div>\n\t\t\t\t\t<\/div>\n\t\t<\/section>\n\t\t\t\t<section class=\"elementor-section elementor-top-section elementor-element elementor-element-5f660cdb elementor-section-boxed elementor-section-height-default elementor-section-height-default\" data-id=\"5f660cdb\" data-element_type=\"section\">\n\t\t\t\t\t\t<div class=\"elementor-container elementor-column-gap-default\">\n\t\t\t\t\t<div class=\"elementor-column elementor-col-100 elementor-top-column elementor-element elementor-element-58761141\" data-id=\"58761141\" data-element_type=\"column\" data-settings=\"{&quot;background_background&quot;:&quot;classic&quot;}\">\n\t\t\t<div class=\"elementor-widget-wrap elementor-element-populated\">\n\t\t\t\t\t<div class=\"elementor-background-overlay\"><\/div>\n\t\t\t\t\t\t<div class=\"elementor-element elementor-element-2093ee81 elementor-widget elementor-widget-heading\" data-id=\"2093ee81\" data-element_type=\"widget\" data-widget_type=\"heading.default\">\n\t\t\t\t<div class=\"elementor-widget-container\">\n\t\t\t<h2 class=\"elementor-heading-title elementor-size-default\">QUER TERCEIRIZAR?<\/h2>\t\t<\/div>\n\t\t\t\t<\/div>\n\t\t\t\t<div class=\"elementor-element elementor-element-1ebf7449 elementor-widget elementor-widget-text-editor\" data-id=\"1ebf7449\" data-element_type=\"widget\" data-widget_type=\"text-editor.default\">\n\t\t\t\t<div class=\"elementor-widget-container\">\n\t\t\t\t\t\t\t<p><strong>Entre em contato conosco hoje mesmo para saber mais sobre nossos servi\u00e7os de cobran\u00e7as terceirizadas e descubra como podemos ajudar sua empresa a prosperar financeiramente!<\/strong><\/p>\t\t\t\t\t\t<\/div>\n\t\t\t\t<\/div>\n\t\t\t\t<div class=\"elementor-element elementor-element-46dba91b elementor-align-left elementor-widget elementor-widget-button\" data-id=\"46dba91b\" data-element_type=\"widget\" data-widget_type=\"button.default\">\n\t\t\t\t<div class=\"elementor-widget-container\">\n\t\t\t\t\t<div class=\"elementor-button-wrapper\">\n\t\t\t<a class=\"elementor-button elementor-button-link elementor-size-md elementor-animation-shrink\" href=\"#\">\n\t\t\t\t\t\t<span class=\"elementor-button-content-wrapper\">\n\t\t\t\t\t\t<span class=\"elementor-button-text\">Contact Us Now<\/span>\n\t\t<\/span>\n\t\t\t\t\t<\/a>\n\t\t<\/div>\n\t\t\t\t<\/div>\n\t\t\t\t<\/div>\n\t\t\t\t\t<\/div>\n\t\t<\/div>\n\t\t\t\t\t<\/div>\n\t\t<\/section>\n\t\t\t\t<\/div>\n\t\t","protected":false},"excerpt":{"rendered":"<p>COBRAN\u00c7AS SETOR DE COBRAN\u00c7A TERCEIRIZADO Na YES Solu\u00e7\u00f5es Comerciais, entendemos a import\u00e2ncia de manter suas finan\u00e7as sob controle e garantir que suas cobran\u00e7as sejam tratadas de maneira eficiente e profissional. \u00c9 por isso que oferecemos um servi\u00e7o de cobran\u00e7as terceirizado, para ajudar sua empresa a recuperar valores em aberto de forma estrat\u00e9gica e respons\u00e1vel. Por [&hellip;]<\/p>\n","protected":false},"author":1,"featured_media":0,"parent":0,"menu_order":0,"comment_status":"closed","ping_status":"closed","template":"","meta":{"_monsterinsights_skip_tracking":false,"_monsterinsights_sitenote_active":false,"_monsterinsights_sitenote_note":"","_monsterinsights_sitenote_category":0,"footnotes":""},"aioseo_notices":[],"_links":{"self":[{"href":"https:\/\/yesmarketingesolucoes.com.br\/index.php\/wp-json\/wp\/v2\/pages\/43"}],"collection":[{"href":"https:\/\/yesmarketingesolucoes.com.br\/index.php\/wp-json\/wp\/v2\/pages"}],"about":[{"href":"https:\/\/yesmarketingesolucoes.com.br\/index.php\/wp-json\/wp\/v2\/types\/page"}],"author":[{"embeddable":true,"href":"https:\/\/yesmarketingesolucoes.com.br\/index.php\/wp-json\/wp\/v2\/users\/1"}],"replies":[{"embeddable":true,"href":"https:\/\/yesmarketingesolucoes.com.br\/index.php\/wp-json\/wp\/v2\/comments?post=43"}],"version-history":[{"count":19,"href":"https:\/\/yesmarketingesolucoes.com.br\/index.php\/wp-json\/wp\/v2\/pages\/43\/revisions"}],"predecessor-version":[{"id":284,"href":"https:\/\/yesmarketingesolucoes.com.br\/index.php\/wp-json\/wp\/v2\/pages\/43\/revisions\/284"}],"wp:attachment":[{"href":"https:\/\/yesmarketingesolucoes.com.br\/index.php\/wp-json\/wp\/v2\/media?parent=43"}],"curies":[{"name":"wp","href":"https:\/\/api.w.org\/{rel}","templated":true}]}}